{"id":745,"date":"2024-02-22T10:12:54","date_gmt":"2024-02-22T10:12:54","guid":{"rendered":"https:\/\/stange-annette.de\/?page_id=745"},"modified":"2024-02-22T10:13:11","modified_gmt":"2024-02-22T10:13:11","slug":"impressum","status":"publish","type":"page","link":"https:\/\/stange-annette.de\/index.php\/impressum\/","title":{"rendered":"Impressum"},"content":{"rendered":"\t\t<div data-elementor-type=\"wp-page\" data-elementor-id=\"745\" class=\"elementor elementor-745\" data-elementor-post-type=\"page\">\n\t\t\t\t<div class=\"elementor-element elementor-element-9a8e9f9 e-flex e-con-boxed e-con e-parent\" data-id=\"9a8e9f9\" data-element_type=\"container\">\n\t\t\t\t\t<div class=\"e-con-inner\">\n\t\t\t\t<div class=\"elementor-element elementor-element-a18b67b elementor-widget elementor-widget-text-editor\" data-id=\"a18b67b\" data-element_type=\"widget\" data-widget_type=\"text-editor.default\">\n\t\t\t\t<div class=\"elementor-widget-container\">\n\t\t\t\t\t\t\t<div class=\"elementor elementor-680 elementor-location-single post-143 page type-page status-draft hentry\" data-elementor-type=\"single-page\" data-elementor-id=\"680\" data-elementor-post-type=\"elementor_library\"><div class=\"elementor-section-wrap\"><div class=\"elementor-element elementor-element-5813b2e e-flex e-con-boxed e-con e-parent\" data-id=\"5813b2e\" data-element_type=\"container\" data-settings=\"{&quot;background_background&quot;:&quot;classic&quot;,&quot;content_width&quot;:&quot;boxed&quot;}\" data-core-v316-plus=\"true\"><div class=\"e-con-inner\"><div class=\"elementor-element elementor-element-3d3ec06 elementor-widget elementor-widget-theme-post-content\" data-id=\"3d3ec06\" data-element_type=\"widget\" data-widget_type=\"theme-post-content.default\"><div class=\"elementor-widget-container\"><h1>Angaben gem\u00e4\u00df \u00a7 5 TMG:<\/h1><h2>Anschrift \/ Kontakt<\/h2><p>Astrologie- Kartenlegen<br \/>Annette Stange<br \/>Mozartstra\u00dfe 18 b<br \/>32049 Herford<\/p><p>Telefon: +49 (0) 5221-830561<br \/>E-Mail: stange-annette@t-online.de<\/p><h2>Rechtliches<\/h2><p>Inhaberin: Annette Stange<br \/>Rechtsform: Einzelunternehmen \/ Kleinunternehmen<\/p><h2><strong>Copyright<\/strong><\/h2><p>S\u00e4mtliche Texte und \u00a0Bilder sind Eigentum der Seitenbetreiberin.<br \/>Davon ausgenommen sind von Dritten zur Verf\u00fcgung gestellte Bilder.<br \/>Die Bilder bleiben Eigentum des Urhebers.<\/p><h2>Bildnachweis<\/h2><p>www.fotolia.de<br \/>www.iconfinder.com<\/p><h2>Streitschlichtung<\/h2><p>Wir sind nicht bereit oder verpflichtet, an Streitbeilegungsverfahren vor<br \/>einer Verbraucherschlichtungsstelle teilzunehmen.<\/p><h2>Haftung f\u00fcr Inhalte<\/h2><p>Als Diensteanbieter sind wir gem\u00e4\u00df \u00a7 7 Abs.1 TMG f\u00fcr eigene Inhalte auf diesen Seiten<br \/>nach den allgemeinen Gesetzen verantwortlich. Nach \u00a7\u00a7 8 bis 10 TMG sind wir als<br \/>Diensteanbieter jedoch nicht verpflichtet, \u00fcbermittelte oder gespeicherte fremde<br \/>Informationen zu \u00fcberwachen oder nach Umst\u00e4nden zu forschen, die auf eine<br \/>rechtswidrige T\u00e4tigkeit hinzuweisen.<\/p><h2>Haftung f\u00fcr Links<\/h2><p>Unser Angebot enth\u00e4lt Links zu externen Webseiten Dritter, auf<br \/>deren Inhalte wir keinen Einfluss haben. Deshalb k\u00f6nnen wir f\u00fcr diese fremden Inhalte auch<br \/>keine Gew\u00e4hr \u00fcbernehmen. F\u00fcr die Inhalte der verlinkten Seiten ist stets der jeweilige<br \/>Anbieter oder Betreiber der Seiten verantwortlich. Die verlinkten Seiten wurden zum Zeitpunkt der Verlinkung auf m\u00f6gliche Rechtsverst\u00f6\u00dfe \u00fcberpr\u00fcft. Rechtswidrige Inhalte<br \/>waren zum Zeitpunkt der Verlinkung nicht erkennbar.<\/p><p>Eine permanente inhaltliche Kontrolle der verlinkten Seiten ist jedoch ohne konkrete Anhaltspunkte einer Rechtsverletzung nicht zumutbar. Bei Bekanntwerden von Rechtsverletzungen werden wir derartige Links umgehend entfernen.<\/p><h2>Urheberrecht<\/h2><p>Die durch die Seitenbetreiber erstellten Inhalte und Werke auf diesen Seiten<br \/>unterliegen dem deutschen Urheberrecht. Die Vervielf\u00e4ltigung, Bearbeitung, Verbreitung und jede Art der Verwertung au\u00dferhalb der Grenzen des Urheberrechtes bed\u00fcrfen der schriftlichen<br \/>Zustimmung des jeweiligen Autors bzw. Erstellers. Downloads und Kopien dieser Seite sind nur f\u00fcr den privaten, nicht kommerziellen Gebrauch gestattet.<\/p><p>Soweit die Inhalte auf dieser Seite nicht vom Betreiber erstellt wurden, werden die Urheberrechte Dritter beachtet.<br \/>Insbesondere werden Inhalte Dritter als solche gekennzeichnet. Sollten Sie trotzdem auf eine Urheberrechtsverletzung aufmerksam werden, bitten wir um einen entsprechenden Hinweis.<br \/>Bei Bekanntwerden von Rechtsverletzungen werden wir derartige Inhalte umgehend entfernen.<br \/>Quellen: <a href=\"https:\/\/www.e-recht24.de\/\"><br \/>e-recht24.de<br \/><\/a><a href=\"https:\/\/www.datenschutzbeauftragter-info.de\/\">datenschutzbeauftragter-info.de<\/a><\/p><\/div><\/div><\/div><\/div><\/div><\/div>\t\t\t\t\t\t<\/div>\n\t\t\t\t<\/div>\n\t\t\t\t\t<\/div>\n\t\t\t\t<\/div>\n\t\t\t\t<\/div>\n\t\t","protected":false},"excerpt":{"rendered":"<p>Angaben gem\u00e4\u00df \u00a7 5 TMG: Anschrift \/ Kontakt Astrologie- KartenlegenAnnette StangeMozartstra\u00dfe 18 b32049 Herford Telefon: +49 (0) 5221-830561E-Mail: stange-annette@t-online.de Rechtliches Inhaberin: Annette StangeRechtsform: Einzelunternehmen \/ Kleinunternehmen Copyright S\u00e4mtliche Texte und \u00a0Bilder sind Eigentum der Seitenbetreiberin.Davon ausgenommen sind von Dritten zur Verf\u00fcgung gestellte Bilder.Die Bilder bleiben Eigentum des Urhebers. Bildnachweis www.fotolia.dewww.iconfinder.com Streitschlichtung Wir sind nicht bereit [&hellip;]<\/p>\n","protected":false},"author":1,"featured_media":0,"parent":0,"menu_order":0,"comment_status":"closed","ping_status":"closed","template":"","meta":{"footnotes":""},"class_list":["post-745","page","type-page","status-publish","hentry"],"yoast_head":"<!-- This site is optimized with the Yoast SEO plugin v23.4 - https:\/\/yoast.com\/wordpress\/plugins\/seo\/ -->\n<title>Impressum - Astrologie-Kartenlegen-Reiki<\/title>\n<meta name=\"robots\" content=\"index, follow, max-snippet:-1, max-image-preview:large, max-video-preview:-1\" \/>\n<link rel=\"canonical\" href=\"https:\/\/stange-annette.de\/index.php\/impressum\/\" \/>\n<meta property=\"og:locale\" content=\"de_DE\" \/>\n<meta property=\"og:type\" content=\"article\" \/>\n<meta property=\"og:title\" content=\"Impressum - Astrologie-Kartenlegen-Reiki\" \/>\n<meta property=\"og:description\" content=\"Angaben gem\u00e4\u00df \u00a7 5 TMG: Anschrift \/ Kontakt Astrologie- KartenlegenAnnette StangeMozartstra\u00dfe 18 b32049 Herford Telefon: +49 (0) 5221-830561E-Mail: stange-annette@t-online.de Rechtliches Inhaberin: Annette StangeRechtsform: Einzelunternehmen \/ Kleinunternehmen Copyright S\u00e4mtliche Texte und \u00a0Bilder sind Eigentum der Seitenbetreiberin.Davon ausgenommen sind von Dritten zur Verf\u00fcgung gestellte Bilder.Die Bilder bleiben Eigentum des Urhebers. Bildnachweis www.fotolia.dewww.iconfinder.com Streitschlichtung Wir sind nicht bereit [&hellip;]\" \/>\n<meta property=\"og:url\" content=\"https:\/\/stange-annette.de\/index.php\/impressum\/\" \/>\n<meta property=\"og:site_name\" content=\"Astrologie-Kartenlegen-Reiki\" \/>\n<meta property=\"article:modified_time\" content=\"2024-02-22T10:13:11+00:00\" \/>\n<meta name=\"twitter:card\" content=\"summary_large_image\" \/>\n<meta name=\"twitter:label1\" content=\"Gesch\u00e4tzte Lesezeit\" \/>\n\t<meta name=\"twitter:data1\" content=\"2\u00a0Minuten\" \/>\n<script type=\"application\/ld+json\" class=\"yoast-schema-graph\">{\"@context\":\"https:\/\/schema.org\",\"@graph\":[{\"@type\":\"WebPage\",\"@id\":\"https:\/\/stange-annette.de\/index.php\/impressum\/\",\"url\":\"https:\/\/stange-annette.de\/index.php\/impressum\/\",\"name\":\"Impressum - Astrologie-Kartenlegen-Reiki\",\"isPartOf\":{\"@id\":\"https:\/\/stange-annette.de\/#website\"},\"datePublished\":\"2024-02-22T10:12:54+00:00\",\"dateModified\":\"2024-02-22T10:13:11+00:00\",\"breadcrumb\":{\"@id\":\"https:\/\/stange-annette.de\/index.php\/impressum\/#breadcrumb\"},\"inLanguage\":\"de\",\"potentialAction\":[{\"@type\":\"ReadAction\",\"target\":[\"https:\/\/stange-annette.de\/index.php\/impressum\/\"]}]},{\"@type\":\"BreadcrumbList\",\"@id\":\"https:\/\/stange-annette.de\/index.php\/impressum\/#breadcrumb\",\"itemListElement\":[{\"@type\":\"ListItem\",\"position\":1,\"name\":\"Startseite\",\"item\":\"https:\/\/stange-annette.de\/\"},{\"@type\":\"ListItem\",\"position\":2,\"name\":\"Impressum\"}]},{\"@type\":\"WebSite\",\"@id\":\"https:\/\/stange-annette.de\/#website\",\"url\":\"https:\/\/stange-annette.de\/\",\"name\":\"Astrologie-Kartenlegen-Reiki\",\"description\":\"Feinf\u00fchlige, erfahrerne Beratung Annette Stange, Herford\",\"potentialAction\":[{\"@type\":\"SearchAction\",\"target\":{\"@type\":\"EntryPoint\",\"urlTemplate\":\"https:\/\/stange-annette.de\/?s={search_term_string}\"},\"query-input\":{\"@type\":\"PropertyValueSpecification\",\"valueRequired\":true,\"valueName\":\"search_term_string\"}}],\"inLanguage\":\"de\"}]}<\/script>\n<!-- \/ Yoast SEO plugin. -->","yoast_head_json":{"title":"Impressum - Astrologie-Kartenlegen-Reiki","robots":{"index":"index","follow":"follow","max-snippet":"max-snippet:-1","max-image-preview":"max-image-preview:large","max-video-preview":"max-video-preview:-1"},"canonical":"https:\/\/stange-annette.de\/index.php\/impressum\/","og_locale":"de_DE","og_type":"article","og_title":"Impressum - Astrologie-Kartenlegen-Reiki","og_description":"Angaben gem\u00e4\u00df \u00a7 5 TMG: Anschrift \/ Kontakt Astrologie- KartenlegenAnnette StangeMozartstra\u00dfe 18 b32049 Herford Telefon: +49 (0) 5221-830561E-Mail: stange-annette@t-online.de Rechtliches Inhaberin: Annette StangeRechtsform: Einzelunternehmen \/ Kleinunternehmen Copyright S\u00e4mtliche Texte und \u00a0Bilder sind Eigentum der Seitenbetreiberin.Davon ausgenommen sind von Dritten zur Verf\u00fcgung gestellte Bilder.Die Bilder bleiben Eigentum des Urhebers. Bildnachweis www.fotolia.dewww.iconfinder.com Streitschlichtung Wir sind nicht bereit [&hellip;]","og_url":"https:\/\/stange-annette.de\/index.php\/impressum\/","og_site_name":"Astrologie-Kartenlegen-Reiki","article_modified_time":"2024-02-22T10:13:11+00:00","twitter_card":"summary_large_image","twitter_misc":{"Gesch\u00e4tzte Lesezeit":"2\u00a0Minuten"},"schema":{"@context":"https:\/\/schema.org","@graph":[{"@type":"WebPage","@id":"https:\/\/stange-annette.de\/index.php\/impressum\/","url":"https:\/\/stange-annette.de\/index.php\/impressum\/","name":"Impressum - Astrologie-Kartenlegen-Reiki","isPartOf":{"@id":"https:\/\/stange-annette.de\/#website"},"datePublished":"2024-02-22T10:12:54+00:00","dateModified":"2024-02-22T10:13:11+00:00","breadcrumb":{"@id":"https:\/\/stange-annette.de\/index.php\/impressum\/#breadcrumb"},"inLanguage":"de","potentialAction":[{"@type":"ReadAction","target":["https:\/\/stange-annette.de\/index.php\/impressum\/"]}]},{"@type":"BreadcrumbList","@id":"https:\/\/stange-annette.de\/index.php\/impressum\/#breadcrumb","itemListElement":[{"@type":"ListItem","position":1,"name":"Startseite","item":"https:\/\/stange-annette.de\/"},{"@type":"ListItem","position":2,"name":"Impressum"}]},{"@type":"WebSite","@id":"https:\/\/stange-annette.de\/#website","url":"https:\/\/stange-annette.de\/","name":"Astrologie-Kartenlegen-Reiki","description":"Feinf\u00fchlige, erfahrerne Beratung Annette Stange, Herford","potentialAction":[{"@type":"SearchAction","target":{"@type":"EntryPoint","urlTemplate":"https:\/\/stange-annette.de\/?s={search_term_string}"},"query-input":{"@type":"PropertyValueSpecification","valueRequired":true,"valueName":"search_term_string"}}],"inLanguage":"de"}]}},"_links":{"self":[{"href":"https:\/\/stange-annette.de\/index.php\/wp-json\/wp\/v2\/pages\/745","targetHints":{"allow":["GET"]}}],"collection":[{"href":"https:\/\/stange-annette.de\/index.php\/wp-json\/wp\/v2\/pages"}],"about":[{"href":"https:\/\/stange-annette.de\/index.php\/wp-json\/wp\/v2\/types\/page"}],"author":[{"embeddable":true,"href":"https:\/\/stange-annette.de\/index.php\/wp-json\/wp\/v2\/users\/1"}],"replies":[{"embeddable":true,"href":"https:\/\/stange-annette.de\/index.php\/wp-json\/wp\/v2\/comments?post=745"}],"version-history":[{"count":4,"href":"https:\/\/stange-annette.de\/index.php\/wp-json\/wp\/v2\/pages\/745\/revisions"}],"predecessor-version":[{"id":749,"href":"https:\/\/stange-annette.de\/index.php\/wp-json\/wp\/v2\/pages\/745\/revisions\/749"}],"wp:attachment":[{"href":"https:\/\/stange-annette.de\/index.php\/wp-json\/wp\/v2\/media?parent=745"}],"curies":[{"name":"wp","href":"https:\/\/api.w.org\/{rel}","templated":true}]}}