{"id":724,"date":"2024-02-22T09:59:49","date_gmt":"2024-02-22T09:59:49","guid":{"rendered":"https:\/\/stange-annette.de\/?page_id=724"},"modified":"2024-04-22T09:25:02","modified_gmt":"2024-04-22T09:25:02","slug":"reiki","status":"publish","type":"page","link":"https:\/\/stange-annette.de\/index.php\/reiki\/","title":{"rendered":"Reiki"},"content":{"rendered":"\t\t<div data-elementor-type=\"wp-page\" data-elementor-id=\"724\" class=\"elementor elementor-724\" data-elementor-post-type=\"page\">\n\t\t\t\t<div class=\"elementor-element elementor-element-8512128 e-flex e-con-boxed e-con e-parent\" data-id=\"8512128\" data-element_type=\"container\">\n\t\t\t\t\t<div class=\"e-con-inner\">\n\t\t\t\t<div class=\"elementor-element elementor-element-1b15ad2 elementor-widget elementor-widget-image\" data-id=\"1b15ad2\" data-element_type=\"widget\" data-widget_type=\"image.default\">\n\t\t\t\t<div class=\"elementor-widget-container\">\n\t\t\t\t\t\t\t\t\t\t\t\t\t<img fetchpriority=\"high\" decoding=\"async\" width=\"206\" height=\"300\" src=\"https:\/\/stange-annette.de\/wp-content\/uploads\/2018\/01\/reiki_01-206x300.jpg\" class=\"attachment-medium size-medium wp-image-222\" alt=\"\" srcset=\"https:\/\/stange-annette.de\/wp-content\/uploads\/2018\/01\/reiki_01-206x300.jpg 206w, https:\/\/stange-annette.de\/wp-content\/uploads\/2018\/01\/reiki_01.jpg 287w\" sizes=\"(max-width: 206px) 100vw, 206px\" \/>\t\t\t\t\t\t\t\t\t\t\t\t\t<\/div>\n\t\t\t\t<\/div>\n\t\t\t\t<div class=\"elementor-element elementor-element-3c84f22 elementor-widget elementor-widget-text-editor\" data-id=\"3c84f22\" data-element_type=\"widget\" data-widget_type=\"text-editor.default\">\n\t\t\t\t<div class=\"elementor-widget-container\">\n\t\t\t\t\t\t\t<p><strong>Reiki \u2013 Universelle Lebensenergie<\/strong><\/p><p>Reiki wird durch das sanfte Auflegen der H\u00e4nde<br \/>praktiziert. Durch \u00dcbertragung dieser feinstofflichen<br \/>Energie werden Ihre Selbst-Heilungskr\u00e4fte aktiviert.<br \/>Ein Mensch der genug Lebensenergie hat, erfreut sich<br \/>an guter Gesundheit an K\u00f6rper, Geist und Seele.<br \/>Reiki \u2013 Einzelsitzungen zur Harmonisierung von K\u00f6rper,<br \/>Geist und Seele.<\/p>\t\t\t\t\t\t<\/div>\n\t\t\t\t<\/div>\n\t\t\t\t\t<\/div>\n\t\t\t\t<\/div>\n\t\t<div class=\"elementor-element elementor-element-9c2e138 e-flex e-con-boxed e-con e-parent\" data-id=\"9c2e138\" data-element_type=\"container\">\n\t\t\t\t\t<div class=\"e-con-inner\">\n\t\t\t\t<div class=\"elementor-element elementor-element-f499a10 elementor-widget elementor-widget-text-editor\" data-id=\"f499a10\" data-element_type=\"widget\" data-widget_type=\"text-editor.default\">\n\t\t\t\t<div class=\"elementor-widget-container\">\n\t\t\t\t\t\t\t<p>Reiki ist eine alte Heilkunst, die in Japan zu Beginn des 20. Jahrhunderts<br \/>von dem M\u00f6nch Mikao Usui wieder entdeckt wurde.<br \/>Eine Reiki-Einzelsitzung \/ Behandlung kostet 45,00 Euro ( ca. 45 Minuten)<\/p>\t\t\t\t\t\t<\/div>\n\t\t\t\t<\/div>\n\t\t\t\t\t<\/div>\n\t\t\t\t<\/div>\n\t\t\t\t<\/div>\n\t\t","protected":false},"excerpt":{"rendered":"<p>Reiki \u2013 Universelle Lebensenergie Reiki wird durch das sanfte Auflegen der H\u00e4ndepraktiziert. Durch \u00dcbertragung dieser feinstofflichenEnergie werden Ihre Selbst-Heilungskr\u00e4fte aktiviert.Ein Mensch der genug Lebensenergie hat, erfreut sichan guter Gesundheit an K\u00f6rper, Geist und Seele.Reiki \u2013 Einzelsitzungen zur Harmonisierung von K\u00f6rper,Geist und Seele. Reiki ist eine alte Heilkunst, die in Japan zu Beginn des 20. Jahrhundertsvon [&hellip;]<\/p>\n","protected":false},"author":1,"featured_media":838,"parent":0,"menu_order":0,"comment_status":"closed","ping_status":"closed","template":"","meta":{"footnotes":""},"class_list":["post-724","page","type-page","status-publish","has-post-thumbnail","hentry"],"yoast_head":"<!-- This site is optimized with the Yoast SEO plugin v23.4 - https:\/\/yoast.com\/wordpress\/plugins\/seo\/ -->\n<title>Reiki - Astrologie-Kartenlegen-Reiki<\/title>\n<meta name=\"robots\" content=\"index, follow, max-snippet:-1, max-image-preview:large, max-video-preview:-1\" \/>\n<link rel=\"canonical\" href=\"https:\/\/stange-annette.de\/index.php\/reiki\/\" \/>\n<meta property=\"og:locale\" content=\"de_DE\" \/>\n<meta property=\"og:type\" content=\"article\" \/>\n<meta property=\"og:title\" content=\"Reiki - Astrologie-Kartenlegen-Reiki\" \/>\n<meta property=\"og:description\" content=\"Reiki \u2013 Universelle Lebensenergie Reiki wird durch das sanfte Auflegen der H\u00e4ndepraktiziert. Durch \u00dcbertragung dieser feinstofflichenEnergie werden Ihre Selbst-Heilungskr\u00e4fte aktiviert.Ein Mensch der genug Lebensenergie hat, erfreut sichan guter Gesundheit an K\u00f6rper, Geist und Seele.Reiki \u2013 Einzelsitzungen zur Harmonisierung von K\u00f6rper,Geist und Seele. Reiki ist eine alte Heilkunst, die in Japan zu Beginn des 20. Jahrhundertsvon [&hellip;]\" \/>\n<meta property=\"og:url\" content=\"https:\/\/stange-annette.de\/index.php\/reiki\/\" \/>\n<meta property=\"og:site_name\" content=\"Astrologie-Kartenlegen-Reiki\" \/>\n<meta property=\"article:modified_time\" content=\"2024-04-22T09:25:02+00:00\" \/>\n<meta property=\"og:image\" content=\"https:\/\/stange-annette.de\/wp-content\/uploads\/woman-4607378_1280.jpg\" \/>\n\t<meta property=\"og:image:width\" content=\"1280\" \/>\n\t<meta property=\"og:image:height\" content=\"720\" \/>\n\t<meta property=\"og:image:type\" content=\"image\/jpeg\" \/>\n<meta name=\"twitter:card\" content=\"summary_large_image\" \/>\n<script type=\"application\/ld+json\" class=\"yoast-schema-graph\">{\"@context\":\"https:\/\/schema.org\",\"@graph\":[{\"@type\":\"WebPage\",\"@id\":\"https:\/\/stange-annette.de\/index.php\/reiki\/\",\"url\":\"https:\/\/stange-annette.de\/index.php\/reiki\/\",\"name\":\"Reiki - Astrologie-Kartenlegen-Reiki\",\"isPartOf\":{\"@id\":\"https:\/\/stange-annette.de\/#website\"},\"primaryImageOfPage\":{\"@id\":\"https:\/\/stange-annette.de\/index.php\/reiki\/#primaryimage\"},\"image\":{\"@id\":\"https:\/\/stange-annette.de\/index.php\/reiki\/#primaryimage\"},\"thumbnailUrl\":\"https:\/\/stange-annette.de\/wp-content\/uploads\/woman-4607378_1280.jpg\",\"datePublished\":\"2024-02-22T09:59:49+00:00\",\"dateModified\":\"2024-04-22T09:25:02+00:00\",\"breadcrumb\":{\"@id\":\"https:\/\/stange-annette.de\/index.php\/reiki\/#breadcrumb\"},\"inLanguage\":\"de\",\"potentialAction\":[{\"@type\":\"ReadAction\",\"target\":[\"https:\/\/stange-annette.de\/index.php\/reiki\/\"]}]},{\"@type\":\"ImageObject\",\"inLanguage\":\"de\",\"@id\":\"https:\/\/stange-annette.de\/index.php\/reiki\/#primaryimage\",\"url\":\"https:\/\/stange-annette.de\/wp-content\/uploads\/woman-4607378_1280.jpg\",\"contentUrl\":\"https:\/\/stange-annette.de\/wp-content\/uploads\/woman-4607378_1280.jpg\",\"width\":1280,\"height\":720},{\"@type\":\"BreadcrumbList\",\"@id\":\"https:\/\/stange-annette.de\/index.php\/reiki\/#breadcrumb\",\"itemListElement\":[{\"@type\":\"ListItem\",\"position\":1,\"name\":\"Startseite\",\"item\":\"https:\/\/stange-annette.de\/\"},{\"@type\":\"ListItem\",\"position\":2,\"name\":\"Reiki\"}]},{\"@type\":\"WebSite\",\"@id\":\"https:\/\/stange-annette.de\/#website\",\"url\":\"https:\/\/stange-annette.de\/\",\"name\":\"Astrologie-Kartenlegen-Reiki\",\"description\":\"Feinf\u00fchlige, erfahrerne Beratung Annette Stange, Herford\",\"potentialAction\":[{\"@type\":\"SearchAction\",\"target\":{\"@type\":\"EntryPoint\",\"urlTemplate\":\"https:\/\/stange-annette.de\/?s={search_term_string}\"},\"query-input\":{\"@type\":\"PropertyValueSpecification\",\"valueRequired\":true,\"valueName\":\"search_term_string\"}}],\"inLanguage\":\"de\"}]}<\/script>\n<!-- \/ Yoast SEO plugin. -->","yoast_head_json":{"title":"Reiki - Astrologie-Kartenlegen-Reiki","robots":{"index":"index","follow":"follow","max-snippet":"max-snippet:-1","max-image-preview":"max-image-preview:large","max-video-preview":"max-video-preview:-1"},"canonical":"https:\/\/stange-annette.de\/index.php\/reiki\/","og_locale":"de_DE","og_type":"article","og_title":"Reiki - Astrologie-Kartenlegen-Reiki","og_description":"Reiki \u2013 Universelle Lebensenergie Reiki wird durch das sanfte Auflegen der H\u00e4ndepraktiziert. Durch \u00dcbertragung dieser feinstofflichenEnergie werden Ihre Selbst-Heilungskr\u00e4fte aktiviert.Ein Mensch der genug Lebensenergie hat, erfreut sichan guter Gesundheit an K\u00f6rper, Geist und Seele.Reiki \u2013 Einzelsitzungen zur Harmonisierung von K\u00f6rper,Geist und Seele. Reiki ist eine alte Heilkunst, die in Japan zu Beginn des 20. Jahrhundertsvon [&hellip;]","og_url":"https:\/\/stange-annette.de\/index.php\/reiki\/","og_site_name":"Astrologie-Kartenlegen-Reiki","article_modified_time":"2024-04-22T09:25:02+00:00","og_image":[{"width":1280,"height":720,"url":"https:\/\/stange-annette.de\/wp-content\/uploads\/woman-4607378_1280.jpg","type":"image\/jpeg"}],"twitter_card":"summary_large_image","schema":{"@context":"https:\/\/schema.org","@graph":[{"@type":"WebPage","@id":"https:\/\/stange-annette.de\/index.php\/reiki\/","url":"https:\/\/stange-annette.de\/index.php\/reiki\/","name":"Reiki - Astrologie-Kartenlegen-Reiki","isPartOf":{"@id":"https:\/\/stange-annette.de\/#website"},"primaryImageOfPage":{"@id":"https:\/\/stange-annette.de\/index.php\/reiki\/#primaryimage"},"image":{"@id":"https:\/\/stange-annette.de\/index.php\/reiki\/#primaryimage"},"thumbnailUrl":"https:\/\/stange-annette.de\/wp-content\/uploads\/woman-4607378_1280.jpg","datePublished":"2024-02-22T09:59:49+00:00","dateModified":"2024-04-22T09:25:02+00:00","breadcrumb":{"@id":"https:\/\/stange-annette.de\/index.php\/reiki\/#breadcrumb"},"inLanguage":"de","potentialAction":[{"@type":"ReadAction","target":["https:\/\/stange-annette.de\/index.php\/reiki\/"]}]},{"@type":"ImageObject","inLanguage":"de","@id":"https:\/\/stange-annette.de\/index.php\/reiki\/#primaryimage","url":"https:\/\/stange-annette.de\/wp-content\/uploads\/woman-4607378_1280.jpg","contentUrl":"https:\/\/stange-annette.de\/wp-content\/uploads\/woman-4607378_1280.jpg","width":1280,"height":720},{"@type":"BreadcrumbList","@id":"https:\/\/stange-annette.de\/index.php\/reiki\/#breadcrumb","itemListElement":[{"@type":"ListItem","position":1,"name":"Startseite","item":"https:\/\/stange-annette.de\/"},{"@type":"ListItem","position":2,"name":"Reiki"}]},{"@type":"WebSite","@id":"https:\/\/stange-annette.de\/#website","url":"https:\/\/stange-annette.de\/","name":"Astrologie-Kartenlegen-Reiki","description":"Feinf\u00fchlige, erfahrerne Beratung Annette Stange, Herford","potentialAction":[{"@type":"SearchAction","target":{"@type":"EntryPoint","urlTemplate":"https:\/\/stange-annette.de\/?s={search_term_string}"},"query-input":{"@type":"PropertyValueSpecification","valueRequired":true,"valueName":"search_term_string"}}],"inLanguage":"de"}]}},"_links":{"self":[{"href":"https:\/\/stange-annette.de\/index.php\/wp-json\/wp\/v2\/pages\/724","targetHints":{"allow":["GET"]}}],"collection":[{"href":"https:\/\/stange-annette.de\/index.php\/wp-json\/wp\/v2\/pages"}],"about":[{"href":"https:\/\/stange-annette.de\/index.php\/wp-json\/wp\/v2\/types\/page"}],"author":[{"embeddable":true,"href":"https:\/\/stange-annette.de\/index.php\/wp-json\/wp\/v2\/users\/1"}],"replies":[{"embeddable":true,"href":"https:\/\/stange-annette.de\/index.php\/wp-json\/wp\/v2\/comments?post=724"}],"version-history":[{"count":4,"href":"https:\/\/stange-annette.de\/index.php\/wp-json\/wp\/v2\/pages\/724\/revisions"}],"predecessor-version":[{"id":728,"href":"https:\/\/stange-annette.de\/index.php\/wp-json\/wp\/v2\/pages\/724\/revisions\/728"}],"wp:featuredmedia":[{"embeddable":true,"href":"https:\/\/stange-annette.de\/index.php\/wp-json\/wp\/v2\/media\/838"}],"wp:attachment":[{"href":"https:\/\/stange-annette.de\/index.php\/wp-json\/wp\/v2\/media?parent=724"}],"curies":[{"name":"wp","href":"https:\/\/api.w.org\/{rel}","templated":true}]}}