{"id":719,"date":"2024-02-22T09:55:35","date_gmt":"2024-02-22T09:55:35","guid":{"rendered":"https:\/\/stange-annette.de\/?page_id=719"},"modified":"2024-04-19T14:27:25","modified_gmt":"2024-04-19T14:27:25","slug":"kartenlegen","status":"publish","type":"page","link":"https:\/\/stange-annette.de\/index.php\/kartenlegen\/","title":{"rendered":"Kartenlegen"},"content":{"rendered":"\t\t<div data-elementor-type=\"wp-page\" data-elementor-id=\"719\" class=\"elementor elementor-719\" data-elementor-post-type=\"page\">\n\t\t\t\t<div class=\"elementor-element elementor-element-6052374 e-flex e-con-boxed e-con e-parent\" data-id=\"6052374\" data-element_type=\"container\">\n\t\t\t\t\t<div class=\"e-con-inner\">\n\t\t\t\t<div class=\"elementor-element elementor-element-2c23c45 elementor-widget elementor-widget-image\" data-id=\"2c23c45\" data-element_type=\"widget\" data-widget_type=\"image.default\">\n\t\t\t\t<div class=\"elementor-widget-container\">\n\t\t\t\t\t\t\t\t\t\t\t\t\t<img decoding=\"async\" width=\"150\" height=\"258\" src=\"https:\/\/stange-annette.de\/wp-content\/uploads\/2018\/01\/ga_10.gif\" class=\"attachment-medium size-medium wp-image-216\" alt=\"\" \/>\t\t\t\t\t\t\t\t\t\t\t\t\t<\/div>\n\t\t\t\t<\/div>\n\t\t\t\t<div class=\"elementor-element elementor-element-2a66abb elementor-widget elementor-widget-text-editor\" data-id=\"2a66abb\" data-element_type=\"widget\" data-widget_type=\"text-editor.default\">\n\t\t\t\t<div class=\"elementor-widget-container\">\n\t\t\t\t\t\t\t<p><strong>Ich lege die Rider Waite Tarot Karten<\/strong><\/p>\t\t\t\t\t\t<\/div>\n\t\t\t\t<\/div>\n\t\t\t\t\t<\/div>\n\t\t\t\t<\/div>\n\t\t<div class=\"elementor-element elementor-element-719ed2d e-flex e-con-boxed e-con e-parent\" data-id=\"719ed2d\" data-element_type=\"container\">\n\t\t\t\t\t<div class=\"e-con-inner\">\n\t\t\t\t<div class=\"elementor-element elementor-element-f65e73d elementor-widget elementor-widget-text-editor\" data-id=\"f65e73d\" data-element_type=\"widget\" data-widget_type=\"text-editor.default\">\n\t\t\t\t<div class=\"elementor-widget-container\">\n\t\t\t\t\t\t\t<p>Wir benutzen einen Spiegel um unser \u00c4u\u00dferes zu betrachten.<br \/>Die Bilder vom Tarot k\u00f6nnen wir einsetzen, um unser Seelenleben zu erkennen.<br \/>Steht eine Entscheidung an?<br \/>Ist Deine Gef\u00fchlswelt im Ungleichgewicht?<br \/>Suchst Du\u00a0 Klarheit \u00fcber Dich selbst\u00a0 oder \u00fcber andere Mitmenschen?<br \/>Du hast\u00a0 ein Problem, m\u00f6chtet die Ursachen erkennen und es l\u00f6sen?<\/p>\t\t\t\t\t\t<\/div>\n\t\t\t\t<\/div>\n\t\t\t\t\t<\/div>\n\t\t\t\t<\/div>\n\t\t<div class=\"elementor-element elementor-element-e9e5b2d e-flex e-con-boxed e-con e-parent\" data-id=\"e9e5b2d\" data-element_type=\"container\">\n\t\t\t\t\t<div class=\"e-con-inner\">\n\t\t\t\t<div class=\"elementor-element elementor-element-0b066b4 elementor-widget elementor-widget-image\" data-id=\"0b066b4\" data-element_type=\"widget\" data-widget_type=\"image.default\">\n\t\t\t\t<div class=\"elementor-widget-container\">\n\t\t\t\t\t\t\t\t\t\t\t\t\t<img decoding=\"async\" width=\"155\" height=\"240\" src=\"https:\/\/stange-annette.de\/wp-content\/uploads\/2018\/01\/glueck.jpg\" class=\"attachment-medium size-medium wp-image-257\" alt=\"\" \/>\t\t\t\t\t\t\t\t\t\t\t\t\t<\/div>\n\t\t\t\t<\/div>\n\t\t\t\t<div class=\"elementor-element elementor-element-cf3432e elementor-widget elementor-widget-text-editor\" data-id=\"cf3432e\" data-element_type=\"widget\" data-widget_type=\"text-editor.default\">\n\t\t\t\t<div class=\"elementor-widget-container\">\n\t\t\t\t\t\t\t<p><strong>Ich lege die Orginal\u00a0 Kipper Wahrsage Karten<br \/><\/strong><\/p>\t\t\t\t\t\t<\/div>\n\t\t\t\t<\/div>\n\t\t\t\t\t<\/div>\n\t\t\t\t<\/div>\n\t\t<div class=\"elementor-element elementor-element-e129f1b e-flex e-con-boxed e-con e-parent\" data-id=\"e129f1b\" data-element_type=\"container\">\n\t\t\t\t\t<div class=\"e-con-inner\">\n\t\t\t\t<div class=\"elementor-element elementor-element-e56e51d elementor-widget elementor-widget-text-editor\" data-id=\"e56e51d\" data-element_type=\"widget\" data-widget_type=\"text-editor.default\">\n\t\t\t\t<div class=\"elementor-widget-container\">\n\t\t\t\t\t\t\t<p>L\u00f6sungsorientierte Beratung in allen Lebensbereichen:<br \/>Liebe, Partnerschaft, Finanzen, Gesundheit, Beruf, Lebensziele, Lebensaufgabe,<br \/>Umzug, Hauskauf.<br \/>Ist mein Partner mir treu?<\/p><p><strong>30 Min. Beratung kosten 45,- Euro<\/strong><\/p>\t\t\t\t\t\t<\/div>\n\t\t\t\t<\/div>\n\t\t\t\t\t<\/div>\n\t\t\t\t<\/div>\n\t\t\t\t<\/div>\n\t\t","protected":false},"excerpt":{"rendered":"<p>Ich lege die Rider Waite Tarot Karten Wir benutzen einen Spiegel um unser \u00c4u\u00dferes zu betrachten.Die Bilder vom Tarot k\u00f6nnen wir einsetzen, um unser Seelenleben zu erkennen.Steht eine Entscheidung an?Ist Deine Gef\u00fchlswelt im Ungleichgewicht?Suchst Du\u00a0 Klarheit \u00fcber Dich selbst\u00a0 oder \u00fcber andere Mitmenschen?Du hast\u00a0 ein Problem, m\u00f6chtet die Ursachen erkennen und es l\u00f6sen? Ich lege [&hellip;]<\/p>\n","protected":false},"author":1,"featured_media":806,"parent":0,"menu_order":0,"comment_status":"closed","ping_status":"closed","template":"","meta":{"footnotes":""},"class_list":["post-719","page","type-page","status-publish","has-post-thumbnail","hentry"],"yoast_head":"<!-- This site is optimized with the Yoast SEO plugin v23.4 - https:\/\/yoast.com\/wordpress\/plugins\/seo\/ -->\n<title>Kartenlegen - Astrologie-Kartenlegen-Reiki<\/title>\n<meta name=\"robots\" content=\"index, follow, max-snippet:-1, max-image-preview:large, max-video-preview:-1\" \/>\n<link rel=\"canonical\" href=\"https:\/\/stange-annette.de\/index.php\/kartenlegen\/\" \/>\n<meta property=\"og:locale\" content=\"de_DE\" \/>\n<meta property=\"og:type\" content=\"article\" \/>\n<meta property=\"og:title\" content=\"Kartenlegen - Astrologie-Kartenlegen-Reiki\" \/>\n<meta property=\"og:description\" content=\"Ich lege die Rider Waite Tarot Karten Wir benutzen einen Spiegel um unser \u00c4u\u00dferes zu betrachten.Die Bilder vom Tarot k\u00f6nnen wir einsetzen, um unser Seelenleben zu erkennen.Steht eine Entscheidung an?Ist Deine Gef\u00fchlswelt im Ungleichgewicht?Suchst Du\u00a0 Klarheit \u00fcber Dich selbst\u00a0 oder \u00fcber andere Mitmenschen?Du hast\u00a0 ein Problem, m\u00f6chtet die Ursachen erkennen und es l\u00f6sen? Ich lege [&hellip;]\" \/>\n<meta property=\"og:url\" content=\"https:\/\/stange-annette.de\/index.php\/kartenlegen\/\" \/>\n<meta property=\"og:site_name\" content=\"Astrologie-Kartenlegen-Reiki\" \/>\n<meta property=\"article:modified_time\" content=\"2024-04-19T14:27:25+00:00\" \/>\n<meta property=\"og:image\" content=\"https:\/\/stange-annette.de\/wp-content\/uploads\/tarot-5511610_1280.jpg\" \/>\n\t<meta property=\"og:image:width\" content=\"1280\" \/>\n\t<meta property=\"og:image:height\" content=\"720\" \/>\n\t<meta property=\"og:image:type\" content=\"image\/jpeg\" \/>\n<meta name=\"twitter:card\" content=\"summary_large_image\" \/>\n<script type=\"application\/ld+json\" class=\"yoast-schema-graph\">{\"@context\":\"https:\/\/schema.org\",\"@graph\":[{\"@type\":\"WebPage\",\"@id\":\"https:\/\/stange-annette.de\/index.php\/kartenlegen\/\",\"url\":\"https:\/\/stange-annette.de\/index.php\/kartenlegen\/\",\"name\":\"Kartenlegen - Astrologie-Kartenlegen-Reiki\",\"isPartOf\":{\"@id\":\"https:\/\/stange-annette.de\/#website\"},\"primaryImageOfPage\":{\"@id\":\"https:\/\/stange-annette.de\/index.php\/kartenlegen\/#primaryimage\"},\"image\":{\"@id\":\"https:\/\/stange-annette.de\/index.php\/kartenlegen\/#primaryimage\"},\"thumbnailUrl\":\"https:\/\/stange-annette.de\/wp-content\/uploads\/tarot-5511610_1280.jpg\",\"datePublished\":\"2024-02-22T09:55:35+00:00\",\"dateModified\":\"2024-04-19T14:27:25+00:00\",\"breadcrumb\":{\"@id\":\"https:\/\/stange-annette.de\/index.php\/kartenlegen\/#breadcrumb\"},\"inLanguage\":\"de\",\"potentialAction\":[{\"@type\":\"ReadAction\",\"target\":[\"https:\/\/stange-annette.de\/index.php\/kartenlegen\/\"]}]},{\"@type\":\"ImageObject\",\"inLanguage\":\"de\",\"@id\":\"https:\/\/stange-annette.de\/index.php\/kartenlegen\/#primaryimage\",\"url\":\"https:\/\/stange-annette.de\/wp-content\/uploads\/tarot-5511610_1280.jpg\",\"contentUrl\":\"https:\/\/stange-annette.de\/wp-content\/uploads\/tarot-5511610_1280.jpg\",\"width\":1280,\"height\":720},{\"@type\":\"BreadcrumbList\",\"@id\":\"https:\/\/stange-annette.de\/index.php\/kartenlegen\/#breadcrumb\",\"itemListElement\":[{\"@type\":\"ListItem\",\"position\":1,\"name\":\"Startseite\",\"item\":\"https:\/\/stange-annette.de\/\"},{\"@type\":\"ListItem\",\"position\":2,\"name\":\"Kartenlegen\"}]},{\"@type\":\"WebSite\",\"@id\":\"https:\/\/stange-annette.de\/#website\",\"url\":\"https:\/\/stange-annette.de\/\",\"name\":\"Astrologie-Kartenlegen-Reiki\",\"description\":\"Feinf\u00fchlige, erfahrerne Beratung Annette Stange, Herford\",\"potentialAction\":[{\"@type\":\"SearchAction\",\"target\":{\"@type\":\"EntryPoint\",\"urlTemplate\":\"https:\/\/stange-annette.de\/?s={search_term_string}\"},\"query-input\":{\"@type\":\"PropertyValueSpecification\",\"valueRequired\":true,\"valueName\":\"search_term_string\"}}],\"inLanguage\":\"de\"}]}<\/script>\n<!-- \/ Yoast SEO plugin. -->","yoast_head_json":{"title":"Kartenlegen - Astrologie-Kartenlegen-Reiki","robots":{"index":"index","follow":"follow","max-snippet":"max-snippet:-1","max-image-preview":"max-image-preview:large","max-video-preview":"max-video-preview:-1"},"canonical":"https:\/\/stange-annette.de\/index.php\/kartenlegen\/","og_locale":"de_DE","og_type":"article","og_title":"Kartenlegen - Astrologie-Kartenlegen-Reiki","og_description":"Ich lege die Rider Waite Tarot Karten Wir benutzen einen Spiegel um unser \u00c4u\u00dferes zu betrachten.Die Bilder vom Tarot k\u00f6nnen wir einsetzen, um unser Seelenleben zu erkennen.Steht eine Entscheidung an?Ist Deine Gef\u00fchlswelt im Ungleichgewicht?Suchst Du\u00a0 Klarheit \u00fcber Dich selbst\u00a0 oder \u00fcber andere Mitmenschen?Du hast\u00a0 ein Problem, m\u00f6chtet die Ursachen erkennen und es l\u00f6sen? Ich lege [&hellip;]","og_url":"https:\/\/stange-annette.de\/index.php\/kartenlegen\/","og_site_name":"Astrologie-Kartenlegen-Reiki","article_modified_time":"2024-04-19T14:27:25+00:00","og_image":[{"width":1280,"height":720,"url":"https:\/\/stange-annette.de\/wp-content\/uploads\/tarot-5511610_1280.jpg","type":"image\/jpeg"}],"twitter_card":"summary_large_image","schema":{"@context":"https:\/\/schema.org","@graph":[{"@type":"WebPage","@id":"https:\/\/stange-annette.de\/index.php\/kartenlegen\/","url":"https:\/\/stange-annette.de\/index.php\/kartenlegen\/","name":"Kartenlegen - Astrologie-Kartenlegen-Reiki","isPartOf":{"@id":"https:\/\/stange-annette.de\/#website"},"primaryImageOfPage":{"@id":"https:\/\/stange-annette.de\/index.php\/kartenlegen\/#primaryimage"},"image":{"@id":"https:\/\/stange-annette.de\/index.php\/kartenlegen\/#primaryimage"},"thumbnailUrl":"https:\/\/stange-annette.de\/wp-content\/uploads\/tarot-5511610_1280.jpg","datePublished":"2024-02-22T09:55:35+00:00","dateModified":"2024-04-19T14:27:25+00:00","breadcrumb":{"@id":"https:\/\/stange-annette.de\/index.php\/kartenlegen\/#breadcrumb"},"inLanguage":"de","potentialAction":[{"@type":"ReadAction","target":["https:\/\/stange-annette.de\/index.php\/kartenlegen\/"]}]},{"@type":"ImageObject","inLanguage":"de","@id":"https:\/\/stange-annette.de\/index.php\/kartenlegen\/#primaryimage","url":"https:\/\/stange-annette.de\/wp-content\/uploads\/tarot-5511610_1280.jpg","contentUrl":"https:\/\/stange-annette.de\/wp-content\/uploads\/tarot-5511610_1280.jpg","width":1280,"height":720},{"@type":"BreadcrumbList","@id":"https:\/\/stange-annette.de\/index.php\/kartenlegen\/#breadcrumb","itemListElement":[{"@type":"ListItem","position":1,"name":"Startseite","item":"https:\/\/stange-annette.de\/"},{"@type":"ListItem","position":2,"name":"Kartenlegen"}]},{"@type":"WebSite","@id":"https:\/\/stange-annette.de\/#website","url":"https:\/\/stange-annette.de\/","name":"Astrologie-Kartenlegen-Reiki","description":"Feinf\u00fchlige, erfahrerne Beratung Annette Stange, Herford","potentialAction":[{"@type":"SearchAction","target":{"@type":"EntryPoint","urlTemplate":"https:\/\/stange-annette.de\/?s={search_term_string}"},"query-input":{"@type":"PropertyValueSpecification","valueRequired":true,"valueName":"search_term_string"}}],"inLanguage":"de"}]}},"_links":{"self":[{"href":"https:\/\/stange-annette.de\/index.php\/wp-json\/wp\/v2\/pages\/719","targetHints":{"allow":["GET"]}}],"collection":[{"href":"https:\/\/stange-annette.de\/index.php\/wp-json\/wp\/v2\/pages"}],"about":[{"href":"https:\/\/stange-annette.de\/index.php\/wp-json\/wp\/v2\/types\/page"}],"author":[{"embeddable":true,"href":"https:\/\/stange-annette.de\/index.php\/wp-json\/wp\/v2\/users\/1"}],"replies":[{"embeddable":true,"href":"https:\/\/stange-annette.de\/index.php\/wp-json\/wp\/v2\/comments?post=719"}],"version-history":[{"count":13,"href":"https:\/\/stange-annette.de\/index.php\/wp-json\/wp\/v2\/pages\/719\/revisions"}],"predecessor-version":[{"id":832,"href":"https:\/\/stange-annette.de\/index.php\/wp-json\/wp\/v2\/pages\/719\/revisions\/832"}],"wp:featuredmedia":[{"embeddable":true,"href":"https:\/\/stange-annette.de\/index.php\/wp-json\/wp\/v2\/media\/806"}],"wp:attachment":[{"href":"https:\/\/stange-annette.de\/index.php\/wp-json\/wp\/v2\/media?parent=719"}],"curies":[{"name":"wp","href":"https:\/\/api.w.org\/{rel}","templated":true}]}}